{"id":319,"date":"2022-03-27T11:07:45","date_gmt":"2022-03-27T08:07:45","guid":{"rendered":"https:\/\/www.camillanixell.com\/reviews\/"},"modified":"2022-04-01T09:41:12","modified_gmt":"2022-04-01T06:41:12","slug":"reviews","status":"publish","type":"page","link":"https:\/\/www.camillanixell.com\/en\/reviews\/","title":{"rendered":"Reviews"},"content":{"rendered":"<p class=\"glsr-card-heading\"><span class=\"badge code\"><div class=\"glsr glsr-default\" id=\"glsr_a2770324\" data-from=\"shortcode\" data-shortcode=\"site_reviews\" data-display=\"50\"><div class=\"glsr-reviews-wrap\">\n    <div class=\"glsr-reviews\">\n        <div class=\"glsr-review\" data-pinned=\"1\" data-type=\"local\" id=\"review-530\" data-assigned='[]'>\n    <div class=\"glsr-review-title\"><h4 class=\"glsr-tag-value\">'Rakastan itse\u00e4ni aiempaa enemm\u00e4n'<\/h4><\/div>\n    <div class=\"glsr-review-rating\"><div class=\"glsr-star-rating glsr-stars\" role=\"img\" aria-label=\"Rated 5 out of 5 stars\" data-rating=\"5\" data-reviews=\"0\"><span class=\"glsr-star glsr-star-full\" aria-hidden=\"true\"><\/span><span class=\"glsr-star glsr-star-full\" aria-hidden=\"true\"><\/span><span class=\"glsr-star glsr-star-full\" aria-hidden=\"true\"><\/span><span class=\"glsr-star glsr-star-full\" aria-hidden=\"true\"><\/span><span class=\"glsr-star glsr-star-full\" aria-hidden=\"true\"><\/span><\/div><\/div> \n    \n    <div class=\"glsr-review-content\"><div class=\"glsr-tag-value\" data-expanded=\"false\"><p>En tied\u00e4 mihin olisin el\u00e4m\u00e4ss\u00e4ni p\u00e4\u00e4tynyt ilman Camillaa. Ymm\u00e4rr\u00e4n nyt itse\u00e4ni paremmin ja ennen kaikkea rakastan itse\u00e4ni aiempaa enemm\u00e4n. Vaikkemme erikseen sopineet, mist\u00e4 mill\u00e4kin tapaamisella puhumme, ne antoivat aina ajattelemisen aihetta pitk\u00e4ksi aikaa. Toistaiseksi viimeisest\u00e4 tapaamisesta on nyt pari kuukautta, ja huomaan yh\u00e4 selke\u00e4mmin Camillalta saamieni oppien ja keskustelujen vaikuttavan positiivisesti el\u00e4m\u00e4ss\u00e4ni. Tuntuu, ett\u00e4 el\u00e4n taas itseni n\u00e4k\u00f6ist\u00e4 el\u00e4m\u00e4\u00e4 ja sain takaisin kaipaamaani itsevarmuutta. Monet aiemmat ep\u00e4varmuuteni ja itsesyyt\u00f6kseni muuttuivat keskustelujemme aikana mieless\u00e4ni vahvuuksiksini ja olen t\u00e4st\u00e4 eritt\u00e4in kiitollinen. Sain my\u00f6s aiemmin kadottamaani vahvistusta sille, ett\u00e4 minulla on lupa olla sellainen kuin olen, ja mieh\u00e4n olenkin aivan mahtava tyyppi! Toivon, ett\u00e4 mahdollisimman moni l\u00f6yt\u00e4\u00e4 Camillan ja p\u00e4\u00e4see keskustelemaan h\u00e4nen kanssaan. H\u00e4n tuntui minulle heti ensitapaamisesta alkaen kadoksissa olleelta yst\u00e4v\u00e4lt\u00e4ni, joka aidosti tukee ja opastaa minua. Varaan ehdottomasti uudet ajat my\u00f6hemmin. En keksi parempaa sijoituskohdetta kuin oma hyvinvointi ja suosittelen eritt\u00e4in l\u00e4mpim\u00e4sti Camillan palveluita.<\/p>\n<p>Kiitos viel\u00e4 kaikesta \u2764\ufe0f\u2764\ufe0f<\/p>\n<\/div><\/div>\n     <div class=\"glsr-review-author\"><span class=\"glsr-tag-value\">Milla K, Finland<\/span><\/div> \n    \n<\/div>\n<div class=\"glsr-review\" data-pinned=\"1\" data-type=\"local\" id=\"review-389\" data-assigned='[]'>\n    <div class=\"glsr-review-title\"><h4 class=\"glsr-tag-value\">'Valmennus oli todellinen l\u00f6yt\u00f6retki'<\/h4><\/div>\n    <div class=\"glsr-review-rating\"><div class=\"glsr-star-rating glsr-stars\" role=\"img\" aria-label=\"Rated 5 out of 5 stars\" data-rating=\"5\" data-reviews=\"0\"><span class=\"glsr-star glsr-star-full\" aria-hidden=\"true\"><\/span><span class=\"glsr-star glsr-star-full\" aria-hidden=\"true\"><\/span><span class=\"glsr-star glsr-star-full\" aria-hidden=\"true\"><\/span><span class=\"glsr-star glsr-star-full\" aria-hidden=\"true\"><\/span><span class=\"glsr-star glsr-star-full\" aria-hidden=\"true\"><\/span><\/div><\/div> \n    \n    <div class=\"glsr-review-content\"><div class=\"glsr-tag-value\" data-expanded=\"false\"><p>Kiitos Camilla tarkkan\u00e4k\u00f6isest\u00e4, sopivan lempe\u00e4st\u00e4 ja tarpeellisen lujasta ohjauksesta ja rinnalla kulkemisesta. Oivalsin itsest\u00e4ni enemm\u00e4n kuin odotin ja lopulta hyvin erilaisia asioita, joita tulin hakemaan. Valmennus oli todellinen l\u00f6yt\u00f6retki, ja vaikka yhteinen matka on ohi t\u00e4lt\u00e4 er\u00e4\u00e4, tunnen ett\u00e4 se poikii aarteita varmasti pitk\u00e4\u00e4n \u2728\u2763\ufe0f<\/p>\n<\/div><\/div>\n     <div class=\"glsr-review-author\"><span class=\"glsr-tag-value\">Hannele Kirjavainen, mielenmuutosvalmentaja, Helsinki Finland<\/span><\/div> \n    \n<\/div>\n<div class=\"glsr-review\" data-pinned=\"1\" data-type=\"local\" id=\"review-374\" data-assigned='[]'>\n    <div class=\"glsr-review-title\"><h4 class=\"glsr-tag-value\">'Kohtaamiset Camillan kanssa ovat voimauttavia, parantavia ja ymm\u00e4rryst\u00e4 lis\u00e4\u00e4vi\u00e4'<\/h4><\/div>\n    <div class=\"glsr-review-rating\"><div class=\"glsr-star-rating glsr-stars\" role=\"img\" aria-label=\"Rated 5 out of 5 stars\" data-rating=\"5\" data-reviews=\"0\"><span class=\"glsr-star glsr-star-full\" aria-hidden=\"true\"><\/span><span class=\"glsr-star glsr-star-full\" aria-hidden=\"true\"><\/span><span class=\"glsr-star glsr-star-full\" aria-hidden=\"true\"><\/span><span class=\"glsr-star glsr-star-full\" aria-hidden=\"true\"><\/span><span class=\"glsr-star glsr-star-full\" aria-hidden=\"true\"><\/span><\/div><\/div> \n    \n    <div class=\"glsr-review-content\"><div class=\"glsr-tag-value\" data-expanded=\"false\"><p>Camilla Nixell on aivan ihana persoona, kannustava, empaattinen ja \u00e4\u00e4rimm\u00e4isen intuitiivinen. Camillalla on paljon tietoa ja h\u00e4n luo ymp\u00e4rilleen hyv\u00e4\u00e4 energiaa ja valoa. Keskustelut ja kohtaamiset Camillan kanssa ovat voimauttavia, parantavia ja ymm\u00e4rryst\u00e4 lis\u00e4\u00e4vi\u00e4. Suosittelen l\u00e4mpim\u00e4sti Camillan valmennuksia jokaiselle, joka haluaa parantaa oman el\u00e4m\u00e4n laatuaan, eheyty\u00e4, l\u00f6yt\u00e4\u00e4 oman voiman, ja saavuttaa el\u00e4m\u00e4ss\u00e4\u00e4n niit\u00e4 asioita, joita oikeasti haluaa.<\/p>\n<\/div><\/div>\n     <div class=\"glsr-review-author\"><span class=\"glsr-tag-value\">Beata Tamsi, sosiaaliohjaaja, Tampere Finland<\/span><\/div> \n    \n<\/div>\n<div class=\"glsr-review\" data-pinned=\"1\" data-type=\"local\" id=\"review-356\" data-assigned='[]'>\n    <div class=\"glsr-review-title\"><h4 class=\"glsr-tag-value\">'She is an excellent coach, a compassionate, loving, trustworthy guide to help one navigate through life'<\/h4><\/div>\n    <div class=\"glsr-review-rating\"><div class=\"glsr-star-rating glsr-stars\" role=\"img\" aria-label=\"Rated 5 out of 5 stars\" data-rating=\"5\" data-reviews=\"0\"><span class=\"glsr-star glsr-star-full\" aria-hidden=\"true\"><\/span><span class=\"glsr-star glsr-star-full\" aria-hidden=\"true\"><\/span><span class=\"glsr-star glsr-star-full\" aria-hidden=\"true\"><\/span><span class=\"glsr-star glsr-star-full\" aria-hidden=\"true\"><\/span><span class=\"glsr-star glsr-star-full\" aria-hidden=\"true\"><\/span><\/div><\/div> \n    \n    <div class=\"glsr-review-content\"><div class=\"glsr-tag-value\" data-expanded=\"false\"><p>What a radiant person, I thought when I met Camilla Nixell for the first time. She had a beautiful smile that lit up her entire face. But if that was all there was to her\u2014a happy person with a lovely smile\u2014I wouldn\u2019t be writing this. To my delight, I discovered that Camilla is a most engaging person to talk to. We have chatted extensively about various topics, including her favorite: neuropsychiatric disorders whose symptoms impact brain function, such as attention deficit disorder, mood issues, and memory problems. She shared with me different ways to cope with such issues. It turns out that she owns a practice as a joy coach, teaching people how to live a life full of love and joy, transcend any limitations they may have, craft solutions to seemingly knotty problems, and create a path to optimal living. From what I know of her, I believe she is an excellent coach, a compassionate, loving, trustworthy guide to help one navigate through life.<\/p>\n<\/div><\/div>\n     <div class=\"glsr-review-author\"><span class=\"glsr-tag-value\">Cherryl Chow, writer and translator, California USA<\/span><\/div> \n    \n<\/div>\n<div class=\"glsr-review\" data-type=\"local\" id=\"review-712\" data-assigned='[]'>\n    <div class=\"glsr-review-title\"><h4 class=\"glsr-tag-value\">'H\u00e4nen tarkoitus oli avata mulle se portti, ett\u00e4 olisin valmis ottamaan vastaan universaalia rakkautta'<\/h4><\/div>\n    <div class=\"glsr-review-rating\"><div class=\"glsr-star-rating glsr-stars\" role=\"img\" aria-label=\"Rated 5 out of 5 stars\" data-rating=\"5\" data-reviews=\"0\"><span class=\"glsr-star glsr-star-full\" aria-hidden=\"true\"><\/span><span class=\"glsr-star glsr-star-full\" aria-hidden=\"true\"><\/span><span class=\"glsr-star glsr-star-full\" aria-hidden=\"true\"><\/span><span class=\"glsr-star glsr-star-full\" aria-hidden=\"true\"><\/span><span class=\"glsr-star glsr-star-full\" aria-hidden=\"true\"><\/span><\/div><\/div> \n    \n    <div class=\"glsr-review-content\"><div class=\"glsr-tag-value\" data-expanded=\"false\"><p>&#8216;Yht\u00e4kki\u00e4 ymm\u00e4rsin, miksi Camilla oli tullut el\u00e4m\u00e4\u00e4ni. En ollut ajatellut h\u00e4nt\u00e4 hetkeen, mutta jotenkin universumi toi h\u00e4net juuri sill\u00e4 hetkell\u00e4 ajatuksiini. Ymm\u00e4rsin, ett\u00e4 tapaamisellamme oli ollut tarkoitus. Mik\u00e4\u00e4n ei ole sattumaa tai kaikki on sattumaa. H\u00e4nen tarkoitus oli avata mulle se portti, ett\u00e4 olisin valmis ottamaan vastaan universaalia rakkautta. Tunsin valtavaa kiitollisuutta Camillasta ja tarvetta kertoa h\u00e4nelle h\u00e4nen merkityksens\u00e4. Ei Camilla suotta kutsunut itsens\u00e4 enkeliksi. Camilla on enkeli.<\/p>\n<\/div><\/div>\n     <div class=\"glsr-review-author\"><span class=\"glsr-tag-value\">Pertti, Finland<\/span><\/div> \n    \n<\/div>\n<div class=\"glsr-review\" data-type=\"local\" id=\"review-645\" data-assigned='[]'>\n    <div class=\"glsr-review-title\"><h4 class=\"glsr-tag-value\">'Hon har f\u00e5tt mig att inse att jag \u00e4r viktig som jag \u00e4r'<\/h4><\/div>\n    <div class=\"glsr-review-rating\"><div class=\"glsr-star-rating glsr-stars\" role=\"img\" aria-label=\"Rated 5 out of 5 stars\" data-rating=\"5\" data-reviews=\"0\"><span class=\"glsr-star glsr-star-full\" aria-hidden=\"true\"><\/span><span class=\"glsr-star glsr-star-full\" aria-hidden=\"true\"><\/span><span class=\"glsr-star glsr-star-full\" aria-hidden=\"true\"><\/span><span class=\"glsr-star glsr-star-full\" aria-hidden=\"true\"><\/span><span class=\"glsr-star glsr-star-full\" aria-hidden=\"true\"><\/span><\/div><\/div> \n    \n    <div class=\"glsr-review-content\"><div class=\"glsr-tag-value\" data-expanded=\"false\"><p>Tack vare att jag kom i kontakt med Camilla har jag blivit mer intresserad av att ta reda p\u00e5 hur det \u00e4r att ha neuropsykiatriska drag. Med de tips jag har f\u00e5tt har jag f\u00f6rs\u00f6kt f\u00f6rb\u00e4ttra mitt m\u00e5ende och t\u00e4nka hur jag handlar i olika situationer. Hon har f\u00f6rs\u00f6kt hj\u00e4lpa mig med att hitta vad jag tycker om f\u00f6r att h\u00e5lla dopaminniv\u00e5n j\u00e4mnare och h\u00f6gre. Hon har f\u00e5tt mig att inse att jag \u00e4r viktig som jag \u00e4r.<\/p>\n<\/div><\/div>\n     <div class=\"glsr-review-author\"><span class=\"glsr-tag-value\">Julia, Finland<\/span><\/div> \n    \n<\/div>\n<div class=\"glsr-review\" data-type=\"local\" id=\"review-377\" data-assigned='[]'>\n    <div class=\"glsr-review-title\"><h4 class=\"glsr-tag-value\">'Camilla Nixell \u00e4r en lyssnare, probleml\u00f6sare och medlare'<\/h4><\/div>\n    <div class=\"glsr-review-rating\"><div class=\"glsr-star-rating glsr-stars\" role=\"img\" aria-label=\"Rated 5 out of 5 stars\" data-rating=\"5\" data-reviews=\"0\"><span class=\"glsr-star glsr-star-full\" aria-hidden=\"true\"><\/span><span class=\"glsr-star glsr-star-full\" aria-hidden=\"true\"><\/span><span class=\"glsr-star glsr-star-full\" aria-hidden=\"true\"><\/span><span class=\"glsr-star glsr-star-full\" aria-hidden=\"true\"><\/span><span class=\"glsr-star glsr-star-full\" aria-hidden=\"true\"><\/span><\/div><\/div> \n    \n    <div class=\"glsr-review-content\"><div class=\"glsr-tag-value\" data-expanded=\"false\"><p>Camilla Nixell \u00e4r en varmhj\u00e4rtad person som vill alla v\u00e4l och vill hj\u00e4lpa. Hon \u00e4r en lyssnare, probleml\u00f6sare och medlare.<\/p>\n<\/div><\/div>\n     <div class=\"glsr-review-author\"><span class=\"glsr-tag-value\">Andrea Nordberg, h\u00e4lsov\u00e5rdare och akutv\u00e5rdare, N\u00e4rpes Finland<\/span><\/div> \n    \n<\/div>\n<div class=\"glsr-review\" data-type=\"local\" id=\"review-354\" data-assigned='[]'>\n    <div class=\"glsr-review-title\"><h4 class=\"glsr-tag-value\">'Camilla Nixell on \u00e4\u00e4rimm\u00e4isen herttainen, herkk\u00e4 ja superiloinen'<\/h4><\/div>\n    <div class=\"glsr-review-rating\"><div class=\"glsr-star-rating glsr-stars\" role=\"img\" aria-label=\"Rated 5 out of 5 stars\" data-rating=\"5\" data-reviews=\"0\"><span class=\"glsr-star glsr-star-full\" aria-hidden=\"true\"><\/span><span class=\"glsr-star glsr-star-full\" aria-hidden=\"true\"><\/span><span class=\"glsr-star glsr-star-full\" aria-hidden=\"true\"><\/span><span class=\"glsr-star glsr-star-full\" aria-hidden=\"true\"><\/span><span class=\"glsr-star glsr-star-full\" aria-hidden=\"true\"><\/span><\/div><\/div> \n    \n    <div class=\"glsr-review-content\"><div class=\"glsr-tag-value\" data-expanded=\"false\"><p>Camilla Nixell on niin ihana!<\/p>\n<\/div><\/div>\n     <div class=\"glsr-review-author\"><span class=\"glsr-tag-value\">Riika Isoviita, parturi-kampaaja ja estenomi, Turku Finland<\/span><\/div> \n    \n<\/div>\n<div class=\"glsr-review\" data-type=\"local\" id=\"review-351\" data-assigned='[]'>\n    <div class=\"glsr-review-title\"><h4 class=\"glsr-tag-value\">'Olo on aina niin vapautunut ja rakastettu<\/h4><\/div>\n    <div class=\"glsr-review-rating\"><div class=\"glsr-star-rating glsr-stars\" role=\"img\" aria-label=\"Rated 5 out of 5 stars\" data-rating=\"5\" data-reviews=\"0\"><span class=\"glsr-star glsr-star-full\" aria-hidden=\"true\"><\/span><span class=\"glsr-star glsr-star-full\" aria-hidden=\"true\"><\/span><span class=\"glsr-star glsr-star-full\" aria-hidden=\"true\"><\/span><span class=\"glsr-star glsr-star-full\" aria-hidden=\"true\"><\/span><span class=\"glsr-star glsr-star-full\" aria-hidden=\"true\"><\/span><\/div><\/div> \n    \n    <div class=\"glsr-review-content\"><div class=\"glsr-tag-value\" data-expanded=\"false\"><p>Camilla on upea, voimaannuttava, empaattinen ja mielenkiintoinen ihminen \ud83d\ude0a<\/p>\n<p>Upeinta on se kuinka Camillan kanssa saa hyvi\u00e4 keskusteluja aina, aiheesta kun aiheesta. Aina kun saa puhua ja jakaa asioita Camillan kanssa, olo on aina niin vapautunut ja rakastettu \u2764 Mielet\u00f6n nainen!<\/p>\n<\/div><\/div>\n     <div class=\"glsr-review-author\"><span class=\"glsr-tag-value\">Nea Lilja, Pori Finland<\/span><\/div> \n    \n<\/div>\n<div class=\"glsr-review\" data-type=\"local\" id=\"review-349\" data-assigned='[]'>\n    <div class=\"glsr-review-title\"><h4 class=\"glsr-tag-value\">'Camilla Nixell \u00e4r varmhj\u00e4rtad, \u00e4rlig och inspirerande'<\/h4><\/div>\n    <div class=\"glsr-review-rating\"><div class=\"glsr-star-rating glsr-stars\" role=\"img\" aria-label=\"Rated 5 out of 5 stars\" data-rating=\"5\" data-reviews=\"0\"><span class=\"glsr-star glsr-star-full\" aria-hidden=\"true\"><\/span><span class=\"glsr-star glsr-star-full\" aria-hidden=\"true\"><\/span><span class=\"glsr-star glsr-star-full\" aria-hidden=\"true\"><\/span><span class=\"glsr-star glsr-star-full\" aria-hidden=\"true\"><\/span><span class=\"glsr-star glsr-star-full\" aria-hidden=\"true\"><\/span><\/div><\/div> \n    \n    <div class=\"glsr-review-content\"><div class=\"glsr-tag-value\" data-expanded=\"false\"><p>Camilla Nixell \u00e4r en h\u00e4rlig person som sprudlar av energi. Hon \u00e4r varmhj\u00e4rtad, \u00e4rlig och inspirerande.<\/p>\n<\/div><\/div>\n     <div class=\"glsr-review-author\"><span class=\"glsr-tag-value\">Christina Bengs\u00e9n, N\u00e4rpes Finland<\/span><\/div> \n    \n<\/div>\n<div class=\"glsr-review\" data-type=\"local\" id=\"review-346\" data-assigned='[]'>\n    <div class=\"glsr-review-title\"><h4 class=\"glsr-tag-value\">'Focus-metodin avulla l\u00f6ysin juurisyyni'<\/h4><\/div>\n    <div class=\"glsr-review-rating\"><div class=\"glsr-star-rating glsr-stars\" role=\"img\" aria-label=\"Rated 5 out of 5 stars\" data-rating=\"5\" data-reviews=\"0\"><span class=\"glsr-star glsr-star-full\" aria-hidden=\"true\"><\/span><span class=\"glsr-star glsr-star-full\" aria-hidden=\"true\"><\/span><span class=\"glsr-star glsr-star-full\" aria-hidden=\"true\"><\/span><span class=\"glsr-star glsr-star-full\" aria-hidden=\"true\"><\/span><span class=\"glsr-star glsr-star-full\" aria-hidden=\"true\"><\/span><\/div><\/div> \n    \n    <div class=\"glsr-review-content\"><div class=\"glsr-tag-value\" data-expanded=\"false\"><p>Focus-metodin avulla l\u00f6ysin juurisyyni, jonka avulla oivalsin monta asiaa ja sain niit\u00e4 ratkaistua yhdess\u00e4 upean ammattilaisen kanssa. Focus-metodista ja sen k\u00e4yt\u00f6st\u00e4 haasteisiini olivat vain positiivisia kokemuksia. Voin l\u00e4mpim\u00e4sti suositella t\u00e4t\u00e4 muotoa, jos toivoo ratkaisukeskeist\u00e4 l\u00e4hestymistapaa haasteisiinsa.<\/p>\n<\/div><\/div>\n     <div class=\"glsr-review-author\"><span class=\"glsr-tag-value\">Anna, Finland<\/span><\/div> \n    \n<\/div>\n<div class=\"glsr-review\" data-type=\"local\" id=\"review-343\" data-assigned='[]'>\n    <div class=\"glsr-review-title\"><h4 class=\"glsr-tag-value\">'Camilla on aito rehellinen ja hyv\u00e4 syd\u00e4minen ihminen'<\/h4><\/div>\n    <div class=\"glsr-review-rating\"><div class=\"glsr-star-rating glsr-stars\" role=\"img\" aria-label=\"Rated 5 out of 5 stars\" data-rating=\"5\" data-reviews=\"0\"><span class=\"glsr-star glsr-star-full\" aria-hidden=\"true\"><\/span><span class=\"glsr-star glsr-star-full\" aria-hidden=\"true\"><\/span><span class=\"glsr-star glsr-star-full\" aria-hidden=\"true\"><\/span><span class=\"glsr-star glsr-star-full\" aria-hidden=\"true\"><\/span><span class=\"glsr-star glsr-star-full\" aria-hidden=\"true\"><\/span><\/div><\/div> \n    \n    <div class=\"glsr-review-content\"><div class=\"glsr-tag-value\" data-expanded=\"false\"><p>Olen tutustunut Camillaan monta vuotta sitten. Tiesin heti, ett\u00e4 h\u00e4n on aivan loistava ja ihana ihminen. Camilla on aito rehellinen ja hyv\u00e4 syd\u00e4minen ihminen. Ajattelee toisen parasta ja on tukena jos sille on tarvetta. H\u00e4n on aidosti l\u00e4sn\u00e4 ja ihana yst\u00e4v\u00e4, vuosien kiireiden keskell\u00e4 yhteyden pito on ollut vaihtelevaa, mutta kun n\u00e4emme jatkuu tarina siit\u00e4 mihin viimeksi j\u00e4imme Kiitos Camilla kun olen saanut tutustua sinuun. Yst\u00e4vyys jatkuu ja edess\u00e4 on viel\u00e4 monta tarinaa jaettavaksi<\/p>\n<\/div><\/div>\n     <div class=\"glsr-review-author\"><span class=\"glsr-tag-value\">Kati Pet\u00e4ys, Kauhajoki Finland<\/span><\/div> \n    \n<\/div>\n    <\/div>\n    \n<\/div><\/div><\/span><\/p>\n","protected":false},"excerpt":{"rendered":"","protected":false},"author":1,"featured_media":0,"parent":0,"menu_order":0,"comment_status":"closed","ping_status":"closed","template":"","meta":{"_glsr_average":0,"_glsr_ranking":0,"_glsr_reviews":0,"footnotes":""},"class_list":["post-319","page","type-page","status-publish","hentry"],"_links":{"self":[{"href":"https:\/\/www.camillanixell.com\/en\/wp-json\/wp\/v2\/pages\/319","targetHints":{"allow":["GET"]}}],"collection":[{"href":"https:\/\/www.camillanixell.com\/en\/wp-json\/wp\/v2\/pages"}],"about":[{"href":"https:\/\/www.camillanixell.com\/en\/wp-json\/wp\/v2\/types\/page"}],"author":[{"embeddable":true,"href":"https:\/\/www.camillanixell.com\/en\/wp-json\/wp\/v2\/users\/1"}],"replies":[{"embeddable":true,"href":"https:\/\/www.camillanixell.com\/en\/wp-json\/wp\/v2\/comments?post=319"}],"version-history":[{"count":2,"href":"https:\/\/www.camillanixell.com\/en\/wp-json\/wp\/v2\/pages\/319\/revisions"}],"predecessor-version":[{"id":380,"href":"https:\/\/www.camillanixell.com\/en\/wp-json\/wp\/v2\/pages\/319\/revisions\/380"}],"wp:attachment":[{"href":"https:\/\/www.camillanixell.com\/en\/wp-json\/wp\/v2\/media?parent=319"}],"curies":[{"name":"wp","href":"https:\/\/api.w.org\/{rel}","templated":true}]}}