{"id":241,"date":"2021-12-06T09:26:31","date_gmt":"2021-12-06T07:26:31","guid":{"rendered":"https:\/\/www.camillanixell.com\/esittely\/"},"modified":"2026-02-07T20:50:57","modified_gmt":"2026-02-07T18:50:57","slug":"esittely","status":"publish","type":"page","link":"https:\/\/www.camillanixell.com\/fi\/esittely\/","title":{"rendered":"Esittely"},"content":{"rendered":"<p><div class=\"fusion-bg-parallax\" data-bg-align=\"center bottom\" data-direction=\"up\" data-mute=\"false\" data-opacity=\"100\" data-velocity=\"-0.2\" data-mobile-enabled=\"true\" data-break_parents=\"0\" data-bg-image=\"https:\/\/www.camillanixell.com\/wp-content\/uploads\/2022\/01\/MG_9643_webb.jpg\" data-bg-repeat=\"false\" ><\/div><div class=\"fusion-fullwidth fullwidth-box fusion-builder-row-1 fusion-flex-container fusion-parallax-up nonhundred-percent-fullwidth non-hundred-percent-height-scrolling\" style=\"--awb-background-position:center bottom;--awb-border-radius-top-left:0px;--awb-border-radius-top-right:0px;--awb-border-radius-bottom-right:0px;--awb-border-radius-bottom-left:0px;--awb-min-height:600px;--awb-background-image:url(&quot;https:\/\/www.camillanixell.com\/wp-content\/uploads\/2022\/01\/MG_9643_webb.jpg&quot;);--awb-background-size:cover;--awb-flex-wrap:wrap;\" ><div class=\"fusion-builder-row fusion-row fusion-flex-align-items-flex-start fusion-flex-content-wrap\" style=\"max-width:1456px;margin-left: calc(-4% \/ 2 );margin-right: calc(-4% \/ 2 );\"><div class=\"fusion-layout-column fusion_builder_column fusion-builder-column-0 fusion_builder_column_1_1 1_1 fusion-flex-column\" style=\"--awb-bg-size:cover;--awb-width-large:100%;--awb-margin-top-large:0px;--awb-spacing-right-large:1.92%;--awb-margin-bottom-large:20px;--awb-spacing-left-large:1.92%;--awb-width-medium:100%;--awb-order-medium:0;--awb-spacing-right-medium:1.92%;--awb-spacing-left-medium:1.92%;--awb-width-small:100%;--awb-order-small:0;--awb-spacing-right-small:1.92%;--awb-spacing-left-small:1.92%;\"><div class=\"fusion-column-wrapper fusion-column-has-shadow fusion-flex-justify-content-flex-start fusion-content-layout-column\"><\/div><\/div><\/div><\/div><div class=\"fusion-fullwidth fullwidth-box fusion-builder-row-2 fusion-flex-container nonhundred-percent-fullwidth non-hundred-percent-height-scrolling\" style=\"--awb-border-radius-top-left:0px;--awb-border-radius-top-right:0px;--awb-border-radius-bottom-right:0px;--awb-border-radius-bottom-left:0px;--awb-margin-top:60px;--awb-flex-wrap:wrap;\" ><div class=\"fusion-builder-row fusion-row fusion-flex-align-items-flex-start fusion-flex-content-wrap\" style=\"max-width:1456px;margin-left: calc(-4% \/ 2 );margin-right: calc(-4% \/ 2 );\"><div class=\"fusion-layout-column fusion_builder_column fusion-builder-column-1 fusion_builder_column_1_1 1_1 fusion-flex-column\" style=\"--awb-bg-size:cover;--awb-width-large:100%;--awb-margin-top-large:0px;--awb-spacing-right-large:1.92%;--awb-margin-bottom-large:20px;--awb-spacing-left-large:1.92%;--awb-width-medium:100%;--awb-order-medium:0;--awb-spacing-right-medium:1.92%;--awb-spacing-left-medium:1.92%;--awb-width-small:100%;--awb-order-small:0;--awb-spacing-right-small:1.92%;--awb-spacing-left-small:1.92%;\"><div class=\"fusion-column-wrapper fusion-column-has-shadow fusion-flex-justify-content-flex-start fusion-content-layout-column\"><div class=\"fusion-text fusion-text-1\" style=\"--awb-content-alignment:center;--awb-text-transform:none;\"><h3 style=\"text-align: left;\">Camilla Nixell on kansainv\u00e4linen intuitiivinen ilo- ja el\u00e4m\u00e4nvalmentaja, joka on erikoistunut vuorovaikutussuhteisiin ja neuropsykiatrisiin kysymyksiin. H\u00e4nen suurin intohimonsa on ihmisen kyky parantua ja parantaa, sek\u00e4 ihmisen kyky rakastaa ja kokea puhdasta iloa.<\/h3>\n<\/div><\/div><\/div><div class=\"fusion-layout-column fusion_builder_column fusion-builder-column-2 fusion_builder_column_1_1 1_1 fusion-flex-column\" style=\"--awb-bg-size:cover;--awb-width-large:100%;--awb-margin-top-large:0px;--awb-spacing-right-large:1.92%;--awb-margin-bottom-large:0px;--awb-spacing-left-large:1.92%;--awb-width-medium:100%;--awb-spacing-right-medium:1.92%;--awb-spacing-left-medium:1.92%;--awb-width-small:100%;--awb-spacing-right-small:1.92%;--awb-spacing-left-small:1.92%;\"><div class=\"fusion-column-wrapper fusion-flex-justify-content-flex-start fusion-content-layout-column\"><div class=\"fusion-text fusion-text-2\" style=\"--awb-text-transform:none;\"><p>Etsitk\u00f6 onnea ja onko sinun ollut vaikea l\u00f6yt\u00e4\u00e4 se? Haluatko olla oikein iloinen ja nauttia el\u00e4m\u00e4st\u00e4si? Haluatko l\u00f6yt\u00e4\u00e4 itsesi ja sinun sis\u00e4isi\u00e4 voimiasi, joka saa sinut loistamaan voimakkaammin kuin koskaan aikaisemmin?<br \/>\nHaluatko l\u00f6yt\u00e4\u00e4 rakkautta tai muuttaa sinun parisuhteesi unelmien parisuhteeksi?<\/p>\n<p>Olen etsim\u00e4si henkil\u00f6!<\/p>\n<p>Minun nimeni on Camilla Nixell ja olen koulutukseltani valtiotieteiden maisteri Helsingin yliopistolta sosiaalipsykologiassa ja sosiaality\u00f6ss\u00e4. Minun erityisosaamiseni on ihmisten v\u00e4lisiss\u00e4 suhteissa, sek\u00e4 neuropsykiatriset haasteet. Minulla on yli 20 vuotta kokemusta ty\u00f6skennell\u00e4 kriisiss\u00e4 olevien ihmisten kanssa ja mik\u00e4\u00e4n el\u00e4m\u00e4ntilanne ei n\u00e4ytt\u00e4ydy minun silmiss\u00e4ni liian vaikealta tai ep\u00e4normaalilta. Olen itse k\u00e4ynyt l\u00e4pi useita el\u00e4m\u00e4nkriisej\u00e4 ja minulla on my\u00f6s omakohtaista kokemusta useiden vuosien psykoterapiasta. Koen, ett\u00e4 ihmisen suurin kehitys mahdollistuu el\u00e4m\u00e4nkriisien kautta ja olen kiitollinen jokaisesta el\u00e4m\u00e4nvaiheesta. Olen pitk\u00e4\u00e4n seurannut kuinka ihmisen psyykkinen huonovointisuus on vuosien varrella kasvanut ja kuinka t\u00e4m\u00e4n p\u00e4iv\u00e4n kuntoutusmahdollisuuksia eiv\u00e4t ole tarpeeksi tehokkaita.<\/p>\n<p>Minun missioni ja tarkoitukseni on k\u00e4ytt\u00e4\u00e4 minun iloni ja energiani auttaakseni ihmisi\u00e4 l\u00f6yt\u00e4m\u00e4\u00e4n puhdasta iloa heid\u00e4n el\u00e4m\u00e4ss\u00e4\u00e4n. Haluan auttaa ihmisi\u00e4 l\u00f6yt\u00e4m\u00e4\u00e4n rakkauden itse\u00e4\u00e4n ja toisia kohtaan sek\u00e4 tuntea turvallisuutta ja vapautta. Ihmiset ja rakkaus ovat minun suurin intohimoni ja ilo on minun johtot\u00e4hteni ty\u00f6ss\u00e4ni. Minulla on taito l\u00f6yt\u00e4\u00e4 syy iloon my\u00f6s vaikeimmista hetkist\u00e4 ja n\u00e4en mahdollisuuksia jokaisessa kriisiss\u00e4. Haluan toimia niin kuin valo, joka auttaa sinua n\u00e4kem\u00e4\u00e4n itse\u00e4si ja ymp\u00e4rist\u00f6\u00e4si uudella tavalla.<\/p>\n<p>Vuosina 2020-2021 olen mm. kehitt\u00e4nyt oman metodin, F.O.C.U.S. metodin, joka perustuu sosiaalipsykologiaan, neuropsykiatriaan, neurobiologiaan sek\u00e4 kvanttifysiikkaan. N\u00e4en keho, mieli ja sielu kokonaisuutena ja erottamalla jokainen osa, hoivata jokaista osaa saadaan tasapainoinen ja hyvinvoiva kokonaisuus. F.O.C.U.S. metodi on l\u00e4pimurtava menetelm\u00e4, joka toimii erinomaisesti yksil\u00f6valmennuksena vaikka haasteet l\u00f6ytyv\u00e4t suhteessa toiseen, kuin parisuhteissa.<\/p>\n<\/div><\/div><\/div><\/div><\/div><div class=\"fusion-bg-parallax\" data-bg-align=\"center top\" data-direction=\"up\" data-mute=\"false\" data-opacity=\"100\" data-velocity=\"-0.2\" data-mobile-enabled=\"true\" data-break_parents=\"0\" data-bg-image=\"https:\/\/www.camillanixell.com\/wp-content\/uploads\/2023\/03\/Aland.jpg\" data-bg-repeat=\"false\" ><\/div><div class=\"fusion-fullwidth fullwidth-box fusion-builder-row-3 fusion-flex-container fusion-parallax-up nonhundred-percent-fullwidth non-hundred-percent-height-scrolling\" style=\"--awb-background-position:center top;--awb-border-radius-top-left:0px;--awb-border-radius-top-right:0px;--awb-border-radius-bottom-right:0px;--awb-border-radius-bottom-left:0px;--awb-margin-top:20px;--awb-min-height:1000px;--awb-background-image:url(&quot;https:\/\/www.camillanixell.com\/wp-content\/uploads\/2023\/03\/Aland.jpg&quot;);--awb-background-size:cover;--awb-flex-wrap:wrap;\" ><div class=\"fusion-builder-row fusion-row fusion-flex-align-items-flex-start fusion-flex-content-wrap\" style=\"max-width:1456px;margin-left: calc(-4% \/ 2 );margin-right: calc(-4% \/ 2 );\"><\/div><\/div><div class=\"fusion-fullwidth fullwidth-box fusion-builder-row-4 fusion-flex-container nonhundred-percent-fullwidth non-hundred-percent-height-scrolling\" style=\"--awb-border-radius-top-left:0px;--awb-border-radius-top-right:0px;--awb-border-radius-bottom-right:0px;--awb-border-radius-bottom-left:0px;--awb-margin-top:60px;--awb-flex-wrap:wrap;\" ><div class=\"fusion-builder-row fusion-row fusion-flex-align-items-flex-start fusion-flex-content-wrap\" style=\"max-width:1456px;margin-left: calc(-4% \/ 2 );margin-right: calc(-4% \/ 2 );\"><div class=\"fusion-layout-column fusion_builder_column fusion-builder-column-3 fusion_builder_column_1_1 1_1 fusion-flex-column\" style=\"--awb-bg-size:cover;--awb-width-large:100%;--awb-margin-top-large:0px;--awb-spacing-right-large:1.92%;--awb-margin-bottom-large:0px;--awb-spacing-left-large:1.92%;--awb-width-medium:100%;--awb-spacing-right-medium:1.92%;--awb-spacing-left-medium:1.92%;--awb-width-small:100%;--awb-spacing-right-small:1.92%;--awb-spacing-left-small:1.92%;\"><div class=\"fusion-column-wrapper fusion-flex-justify-content-flex-start fusion-content-layout-column\"><div class=\"fusion-text fusion-text-3\" style=\"--awb-text-transform:none;\"><p>Minun t\u00e4rkein ty\u00f6v\u00e4lineeni on minun energeettinen v\u00e4r\u00e4htely ja minun kyky n\u00e4hd\u00e4 sinua uudella tavalla. Muita ty\u00f6v\u00e4lineit\u00e4 on vanhojen, rajallisten ja vahingollisten ajatusten uudelleenohjelmointi uusiin voimaannuttaviin ajatuksiin. Energeettinen tunnety\u00f6skentely ts. tunne-energian transformointi arki-energiaksi n\u00e4en my\u00f6s todella t\u00e4rke\u00e4n\u00e4 osana ihmisen hyvinvointia.<\/p>\n<p>Tarjoan monta erilaista valmennus-pakettia riippuen miss\u00e4 vaiheessa el\u00e4m\u00e4\u00e4 olet t\u00e4ll\u00e4 hetkell\u00e4. Valmennukseni kautta autan Sinua l\u00f6yt\u00e4m\u00e4\u00e4n Sinun ainutlaatuisuutesi ja tarkoituksesi sek\u00e4 ilon el\u00e4m\u00e4ss\u00e4si.<\/p>\n<p>\u00c4idinkieleni on ruotsi ja olen ty\u00f6skennellyt suomenkielell\u00e4 koko aikuisel\u00e4m\u00e4ni aikana. Puhun my\u00f6s englantia, vaikka englanninkieleni on kaukana t\u00e4ydellisyydest\u00e4.<\/p>\n<\/div><\/div><\/div><\/div><\/div><div class=\"fusion-fullwidth fullwidth-box fusion-builder-row-5 fusion-flex-container nonhundred-percent-fullwidth non-hundred-percent-height-scrolling\" style=\"--awb-border-radius-top-left:0px;--awb-border-radius-top-right:0px;--awb-border-radius-bottom-right:0px;--awb-border-radius-bottom-left:0px;--awb-flex-wrap:wrap;\" ><div class=\"fusion-builder-row fusion-row fusion-flex-align-items-flex-start fusion-flex-content-wrap\" style=\"max-width:1456px;margin-left: calc(-4% \/ 2 );margin-right: calc(-4% \/ 2 );\"><div class=\"fusion-layout-column fusion_builder_column fusion-builder-column-4 fusion_builder_column_1_1 1_1 fusion-flex-column\" style=\"--awb-bg-size:cover;--awb-width-large:100%;--awb-margin-top-large:0px;--awb-spacing-right-large:1.92%;--awb-margin-bottom-large:20px;--awb-spacing-left-large:1.92%;--awb-width-medium:100%;--awb-order-medium:0;--awb-spacing-right-medium:1.92%;--awb-spacing-left-medium:1.92%;--awb-width-small:100%;--awb-order-small:0;--awb-spacing-right-small:1.92%;--awb-spacing-left-small:1.92%;\"><div class=\"fusion-column-wrapper fusion-column-has-shadow fusion-flex-justify-content-flex-start fusion-content-layout-column\"><div class=\"fusion-text fusion-text-4\" style=\"--awb-content-alignment:center;--awb-text-transform:none;\"><p style=\"text-align: center;\">\u2019Tunne universumisi sinun sis\u00e4ll\u00e4si\u2019<\/p>\n<\/div><\/div><\/div><\/div><\/div><\/p>\n","protected":false},"excerpt":{"rendered":"","protected":false},"author":1,"featured_media":0,"parent":0,"menu_order":0,"comment_status":"closed","ping_status":"closed","template":"100-width.php","meta":{"_glsr_average":0,"_glsr_ranking":0,"_glsr_reviews":0,"footnotes":""},"class_list":["post-241","page","type-page","status-publish","hentry"],"_links":{"self":[{"href":"https:\/\/www.camillanixell.com\/fi\/wp-json\/wp\/v2\/pages\/241","targetHints":{"allow":["GET"]}}],"collection":[{"href":"https:\/\/www.camillanixell.com\/fi\/wp-json\/wp\/v2\/pages"}],"about":[{"href":"https:\/\/www.camillanixell.com\/fi\/wp-json\/wp\/v2\/types\/page"}],"author":[{"embeddable":true,"href":"https:\/\/www.camillanixell.com\/fi\/wp-json\/wp\/v2\/users\/1"}],"replies":[{"embeddable":true,"href":"https:\/\/www.camillanixell.com\/fi\/wp-json\/wp\/v2\/comments?post=241"}],"version-history":[{"count":8,"href":"https:\/\/www.camillanixell.com\/fi\/wp-json\/wp\/v2\/pages\/241\/revisions"}],"predecessor-version":[{"id":726,"href":"https:\/\/www.camillanixell.com\/fi\/wp-json\/wp\/v2\/pages\/241\/revisions\/726"}],"wp:attachment":[{"href":"https:\/\/www.camillanixell.com\/fi\/wp-json\/wp\/v2\/media?parent=241"}],"curies":[{"name":"wp","href":"https:\/\/api.w.org\/{rel}","templated":true}]}}