{"id":244,"date":"2022-01-23T13:28:47","date_gmt":"2022-01-23T11:28:47","guid":{"rendered":"https:\/\/www.camillanixell.com\/f-o-c-u-s-metodi\/"},"modified":"2022-03-19T09:11:06","modified_gmt":"2022-03-19T07:11:06","slug":"f-o-c-u-s-metodi","status":"publish","type":"page","link":"https:\/\/www.camillanixell.com\/fi\/f-o-c-u-s-metodi\/","title":{"rendered":"F.O.C.U.S. metodi"},"content":{"rendered":"<p><div class=\"fusion-fullwidth fullwidth-box fusion-builder-row-1 fusion-flex-container nonhundred-percent-fullwidth non-hundred-percent-height-scrolling\" style=\"--awb-border-radius-top-left:0px;--awb-border-radius-top-right:0px;--awb-border-radius-bottom-right:0px;--awb-border-radius-bottom-left:0px;--awb-flex-wrap:wrap;\" ><div class=\"fusion-builder-row fusion-row fusion-flex-align-items-flex-start fusion-flex-content-wrap\" style=\"max-width:1456px;margin-left: calc(-4% \/ 2 );margin-right: calc(-4% \/ 2 );\"><div class=\"fusion-layout-column fusion_builder_column fusion-builder-column-0 fusion_builder_column_1_1 1_1 fusion-flex-column\" style=\"--awb-bg-size:cover;--awb-width-large:100%;--awb-margin-top-large:0px;--awb-spacing-right-large:1.92%;--awb-margin-bottom-large:20px;--awb-spacing-left-large:1.92%;--awb-width-medium:100%;--awb-order-medium:0;--awb-spacing-right-medium:1.92%;--awb-spacing-left-medium:1.92%;--awb-width-small:100%;--awb-order-small:0;--awb-spacing-right-small:1.92%;--awb-spacing-left-small:1.92%;\"><div class=\"fusion-column-wrapper fusion-column-has-shadow fusion-flex-justify-content-flex-start fusion-content-layout-column\"><div class=\"fusion-text fusion-text-1\" style=\"--awb-text-transform:none;\"><h1>F.O.C.U.S. METODI<\/h1>\n<p>Ty\u00f6ni perusta on auttaa ihmisi\u00e4 vapautumaan rajoittavista ja negatiivista ajatusmalleista ja kokea puhdasta iloa. Tavoitteena on, ett\u00e4 koet iloa arjessa ja parisuhteessa, niin ett\u00e4 sin\u00e4 voit loistaa niin kirkkaasti kuin vain sin\u00e4 pystyt ja oman voimasi ja valosi kautta toteutat kaikki sinun unelmiesi.<\/p>\n<p>F.O.C.U.S. metodi, jonka kehitin vuosina 2020-2021, perustuu sosiaalipsykologiaan, neuropsykiatriaan, neurobiologiaan sek\u00e4 kvanttifysiikkaan. N\u00e4en keho, mieli ja sielu kokonaisuutena ja erottamalla jokainen osa ja hoivata jokaista osaa saadaan tasapainoinen ja hyvinvoiva kokonaisuus. F.O.C.U.S. metodi on l\u00e4pimurtava menetelm\u00e4, joka toimii erinomaisesti yksil\u00f6valmennuksena vaikka haasteet l\u00f6ytyv\u00e4t suhteessa toiseen, kuin parisuhteessa.<\/p>\n<p>Askel 1: Fokusoidaan sinuun ja avataan sinun karismaasi siten, ett\u00e4 sinun oma voimasi loistaa kirkkaammin kuin aikaisemmin.<\/p>\n<ul>\n<li>Persoonallisuutesi ja tilanteesi tarkan analyysin, ja menetelm\u00e4n kautta saadaan vetovoimasi toimimaan kuin magneetti.<\/li>\n<li>Tulet oppimaan kuinka ainutlaatuinen ja erityinen sin\u00e4 olet sek\u00e4 hy\u00f6dynt\u00e4m\u00e4\u00e4n omaa energiavarantoasi, jota et tiennyt omistavasi.<\/li>\n<li>Tulet oppimaan tunnistamaan arvostuksen mahdollisuudet, ja k\u00e4ytt\u00e4m\u00e4\u00e4n niit\u00e4 omaksi hy\u00f6dyksesi.<\/li>\n<\/ul>\n<p>Askel 2: Fokusoidaan siihen, miten saat el\u00e4m\u00e4nilosi voimistumaan ja miten voit saavuttaa unelmael\u00e4m\u00e4\u00e4si.<\/p>\n<ul>\n<li>Saat huomattavia tuloksia ja saavutat haluamasi el\u00e4m\u00e4n opettelemalla alkuper\u00e4isen F.O.C.U.S. menetelm\u00e4n.<\/li>\n<li>Yhteyden uudelleen viritt\u00e4minen itseesi kanssa saa sinut tuntemaan itsesi kuplivalta ja eloisalta.<\/li>\n<li>Tulet ymm\u00e4rt\u00e4m\u00e4\u00e4n miten aivot toimivat ja miten voit k\u00e4ytt\u00e4\u00e4 t\u00e4t\u00e4 tietoa el\u00e4m\u00e4nlaadun parantamiseen.<\/li>\n<\/ul>\n<p>Askel 3: Fokusoidaan ainutlaatuiseen suunnitelmaan, joka avaa sinun syd\u00e4nt\u00e4si rakkaudelle ja puhtaalle ilolle.<\/p>\n<ul>\n<li>F.O.C.U.S. menetelm\u00e4n oppiminen muuttaa sinun energiaasi uupuneesta energiseksi, voimaantuneeksi ja vie sinut sinne, miss\u00e4 haluat olla.<\/li>\n<li>Investointi itseesi, n\u00e4kyy sinun el\u00e4m\u00e4ss\u00e4si jokaisena p\u00e4iv\u00e4n\u00e4 ilona ja rakkautena.<\/li>\n<li>Uniikki ja sinulle r\u00e4\u00e4t\u00e4l\u00f6ity tulevaisuuden suunnitelma takaa pitk\u00e4aikaisen vaikutuksen.<\/li>\n<\/ul>\n<p>Miksi F.O.C.U.S. Metodi toimii?<\/p>\n<ul>\n<li>Menetelm\u00e4 on yksinkertainen ja helppo k\u00e4ytt\u00e4\u00e4, vaikka teoria sen takana on moninainen, monitahoinen ja kompleksinen.<\/li>\n<li>Itsens\u00e4 uudelleen l\u00f6yt\u00e4minen ohjaa sinua eteenp\u00e4in ja muovautuu uuteen sinuun.<\/li>\n<li>Fokusoinnin uudelleen suuntaaminen lis\u00e4\u00e4 tyytyv\u00e4isyytt\u00e4 ja onnellisuutta.<\/li>\n<li>Tulet tekem\u00e4\u00e4n oikeita valintoja kun saat oikeanlaista opastusta.<\/li>\n<li>Emotionaalisen tilasi uudelleenohjaus tekee sinusta vastustamattoman.<\/li>\n<li>Saat tietoa ihmismielest\u00e4 ja aivotoiminnasta, ja t\u00e4m\u00e4n kautta saat lis\u00e4\u00e4 ymm\u00e4rryst\u00e4 itsest\u00e4si.<\/li>\n<li>K\u00e4ytt\u00e4m\u00e4ll\u00e4 yksil\u00f6ohjausta ja harjoituksia tosiel\u00e4m\u00e4ss\u00e4 vahvistavat oppimistasi ja edistymist\u00e4si.<\/li>\n<li>Investointi itseesi vaikuttaa nopeasti positiivisesti el\u00e4m\u00e4\u00e4si.<\/li>\n<li>R\u00e4\u00e4t\u00e4l\u00f6ity suunnitelma tukee sinua ja auttaa sinua keskittym\u00e4\u00e4n asioihin, jotka parantavat el\u00e4m\u00e4nlaatuasi.<\/li>\n<\/ul>\n<p>Yhdistettyn\u00e4, askeleet p\u00e4\u00e4tt\u00e4v\u00e4t el\u00e4m\u00e4n oravanpy\u00f6r\u00e4n py\u00f6rimist\u00e4 ja avaa uusia mahdollisuuksia toteuttaa itse\u00e4si, saada rakkautta ja nauttia el\u00e4m\u00e4si jokaisesta p\u00e4iv\u00e4st\u00e4. 90 P\u00c4IV\u00c4N F.O.C.U.S. ohjelma antaa mahdollisuuden nauttia puhtaasta ilosta ja n\u00e4kem\u00e4\u00e4n itsesi aivan uudenlaisessa valossa.<\/p>\n<\/div><\/div><\/div><\/div><\/div><div class=\"fusion-fullwidth fullwidth-box fusion-builder-row-2 fusion-flex-container fusion-parallax-none nonhundred-percent-fullwidth non-hundred-percent-height-scrolling\" style=\"--awb-background-position:center bottom;--awb-border-radius-top-left:0px;--awb-border-radius-top-right:0px;--awb-border-radius-bottom-right:0px;--awb-border-radius-bottom-left:0px;--awb-min-height:870px;--awb-background-image:url(&quot;https:\/\/www.camillanixell.com\/wp-content\/uploads\/2022\/03\/cami.jpg&quot;);--awb-background-size:cover;--awb-flex-wrap:wrap;\" ><div class=\"fusion-builder-row fusion-row fusion-flex-align-items-flex-start fusion-flex-content-wrap\" style=\"max-width:1456px;margin-left: calc(-4% \/ 2 );margin-right: calc(-4% \/ 2 );\"><div class=\"fusion-layout-column fusion_builder_column fusion-builder-column-1 fusion_builder_column_1_1 1_1 fusion-flex-column\" style=\"--awb-bg-size:cover;--awb-width-large:100%;--awb-margin-top-large:0px;--awb-spacing-right-large:1.92%;--awb-margin-bottom-large:20px;--awb-spacing-left-large:1.92%;--awb-width-medium:100%;--awb-order-medium:0;--awb-spacing-right-medium:1.92%;--awb-spacing-left-medium:1.92%;--awb-width-small:100%;--awb-order-small:0;--awb-spacing-right-small:1.92%;--awb-spacing-left-small:1.92%;\"><div class=\"fusion-column-wrapper fusion-column-has-shadow fusion-flex-justify-content-flex-start fusion-content-layout-column\"><\/div><\/div><\/div><\/div><\/p>\n","protected":false},"excerpt":{"rendered":"","protected":false},"author":1,"featured_media":0,"parent":0,"menu_order":0,"comment_status":"closed","ping_status":"closed","template":"100-width.php","meta":{"_glsr_average":0,"_glsr_ranking":0,"_glsr_reviews":0,"footnotes":""},"class_list":["post-244","page","type-page","status-publish","hentry"],"_links":{"self":[{"href":"https:\/\/www.camillanixell.com\/fi\/wp-json\/wp\/v2\/pages\/244","targetHints":{"allow":["GET"]}}],"collection":[{"href":"https:\/\/www.camillanixell.com\/fi\/wp-json\/wp\/v2\/pages"}],"about":[{"href":"https:\/\/www.camillanixell.com\/fi\/wp-json\/wp\/v2\/types\/page"}],"author":[{"embeddable":true,"href":"https:\/\/www.camillanixell.com\/fi\/wp-json\/wp\/v2\/users\/1"}],"replies":[{"embeddable":true,"href":"https:\/\/www.camillanixell.com\/fi\/wp-json\/wp\/v2\/comments?post=244"}],"version-history":[{"count":5,"href":"https:\/\/www.camillanixell.com\/fi\/wp-json\/wp\/v2\/pages\/244\/revisions"}],"predecessor-version":[{"id":307,"href":"https:\/\/www.camillanixell.com\/fi\/wp-json\/wp\/v2\/pages\/244\/revisions\/307"}],"wp:attachment":[{"href":"https:\/\/www.camillanixell.com\/fi\/wp-json\/wp\/v2\/media?parent=244"}],"curies":[{"name":"wp","href":"https:\/\/api.w.org\/{rel}","templated":true}]}}